{"id":87,"date":"2019-03-07T22:36:25","date_gmt":"2019-03-07T22:36:25","guid":{"rendered":"https:\/\/lavarie.com.br\/?page_id=87"},"modified":"2019-03-26T18:39:45","modified_gmt":"2019-03-26T18:39:45","slug":"limpeza-de-sofa-em-shoppings","status":"publish","type":"page","link":"https:\/\/lavarie.com.br\/limpeza-de-sofa-em-londrina\/limpeza-de-sofa-em-shoppings\/","title":{"rendered":"Limpeza de Sof\u00e1 em Shoppings"},"content":{"rendered":"\n\t<h1>Limpeza de Sof\u00e1s e Estofados em Lojas de Shoppings de Londrina<\/h1>\n<p>&nbsp;<\/p>\n<p>A Lavarie Limpeza de Sof\u00e1s, Tapetes e Colch\u00f5es \u00e9 especialista em limpeza de estofados em Shoppings de Londrina.<\/p>\n<p>Atendemos em todos os Shoppings da cidade antes ou depois do hor\u00e1rio comercial! Garantimos que seus clientes n\u00e3o ser\u00e3o incomodados enquanto deixamos seus sof\u00e1s e m\u00f3veis limpinhos e higienizados!<\/p>\n<p>&nbsp;<\/p>\n<h2>Confira algumas de nossas limpezas realizadas no Shopping Catua\u00ed!<\/h2>\n<p>&nbsp;<\/p>\n\t\t\t\t<img loading=\"lazy\" decoding=\"async\" src=\"https:\/\/lavarie.com.br\/wp-content\/uploads\/2019\/03\/IMG_20190109_162327348-300x225.jpg\" alt=\"Limpeza de sof\u00e1 em Shopping de londrina\" itemprop=\"image\" height=\"225\" width=\"300\" title=\"Limpeza de sof\u00e1 em Shopping de londrina\" onerror=\"this.style.display='none'\"  \/>\n\t\t\t\t\t\tLimpeza de sof\u00e1 em Shopping de londrina\n\t\t\t\t<img loading=\"lazy\" decoding=\"async\" src=\"https:\/\/lavarie.com.br\/wp-content\/uploads\/2019\/03\/IMG_20190109_162404247.jpg\" alt=\"Limpeza de sof\u00e1 em Shopping de londrina\" itemprop=\"image\" height=\"3120\" width=\"4160\" title=\"Limpeza de sof\u00e1 em Shopping de londrina\" onerror=\"this.style.display='none'\"  \/>\n\t\t\t\t<img loading=\"lazy\" decoding=\"async\" src=\"https:\/\/lavarie.com.br\/wp-content\/uploads\/2019\/03\/IMG_20190109_162327348-300x225.jpg\" alt=\"Limpeza de sof\u00e1 em Shopping de londrina\" itemprop=\"image\" height=\"225\" width=\"300\" title=\"Limpeza de sof\u00e1 em Shopping de londrina\" onerror=\"this.style.display='none'\"  \/>\n\t\t\t\t\t\tLimpeza de sof\u00e1 em Shopping de londrina\n\t<p>Esses Sof\u00e1s foram limpos pela <a href=\"https:\/\/lavarie.com.br\/limpeza-de-sofa-em-londrina\/\">Lavarie<\/a> depois do hor\u00e1rio comercial, para n\u00e3o atrapalhar os clientes!<\/p>\n<p>&nbsp;<\/p>\n<p>Se desejar uma cota\u00e7\u00e3o ou entrar em contato para um servi\u00e7o ligar no telefone (What&#8217;s App):<\/p>\n<h3><a href=\"https:\/\/api.whatsapp.com\/send?phone=5543996941627&amp;text=Ol\u00e1%20amigo!%20Gostaria%20de%20fazer%20uma%20cota\u00e7\u00e3o%20com%20voc\u00ea!\">(43)99694-1627<\/a><\/h3>\n<p>Esperamos o seu contato!<\/p>\n","protected":false},"excerpt":{"rendered":"<p>Limpeza de Sof\u00e1s e Estofados em Lojas de Shoppings de Londrina &nbsp; A Lavarie Limpeza de Sof\u00e1s, Tapetes e Colch\u00f5es \u00e9 especialista em limpeza de estofados em Shoppings de Londrina. Atendemos em todos os Shoppings da cidade antes ou depois do hor\u00e1rio comercial! Garantimos que seus clientes n\u00e3o ser\u00e3o incomodados enquanto deixamos seus sof\u00e1s e [&hellip;]<\/p>\n","protected":false},"author":1,"featured_media":0,"parent":0,"menu_order":0,"comment_status":"closed","ping_status":"closed","template":"","meta":{"_monsterinsights_skip_tracking":false,"_monsterinsights_sitenote_active":false,"_monsterinsights_sitenote_note":"","_monsterinsights_sitenote_category":0,"footnotes":""},"class_list":["post-87","page","type-page","status-publish","czr-hentry"],"_links":{"self":[{"href":"https:\/\/lavarie.com.br\/limpeza-de-sofa-em-londrina\/wp-json\/wp\/v2\/pages\/87","targetHints":{"allow":["GET"]}}],"collection":[{"href":"https:\/\/lavarie.com.br\/limpeza-de-sofa-em-londrina\/wp-json\/wp\/v2\/pages"}],"about":[{"href":"https:\/\/lavarie.com.br\/limpeza-de-sofa-em-londrina\/wp-json\/wp\/v2\/types\/page"}],"author":[{"embeddable":true,"href":"https:\/\/lavarie.com.br\/limpeza-de-sofa-em-londrina\/wp-json\/wp\/v2\/users\/1"}],"replies":[{"embeddable":true,"href":"https:\/\/lavarie.com.br\/limpeza-de-sofa-em-londrina\/wp-json\/wp\/v2\/comments?post=87"}],"version-history":[{"count":8,"href":"https:\/\/lavarie.com.br\/limpeza-de-sofa-em-londrina\/wp-json\/wp\/v2\/pages\/87\/revisions"}],"predecessor-version":[{"id":208,"href":"https:\/\/lavarie.com.br\/limpeza-de-sofa-em-londrina\/wp-json\/wp\/v2\/pages\/87\/revisions\/208"}],"wp:attachment":[{"href":"https:\/\/lavarie.com.br\/limpeza-de-sofa-em-londrina\/wp-json\/wp\/v2\/media?parent=87"}],"curies":[{"name":"wp","href":"https:\/\/api.w.org\/{rel}","templated":true}]}}