{"id":50,"date":"2019-03-07T13:35:25","date_gmt":"2019-03-07T13:35:25","guid":{"rendered":"https:\/\/lavarie.com.br\/?page_id=50"},"modified":"2019-03-07T23:34:23","modified_gmt":"2019-03-07T23:34:23","slug":"onde-estamos","status":"publish","type":"page","link":"https:\/\/lavarie.com.br\/limpeza-de-sofa-em-londrina\/onde-estamos\/","title":{"rendered":"Onde Estamos"},"content":{"rendered":"\n\t<p>A Lavarie &#8211; Servi\u00e7o de limpeza de sof\u00e1s em Londrina est\u00e1 convenientemente localizada na rua Alagoas, 878 Centro Londrina- PR 86020-430<\/p>\n<p>Atendemos todos os bairros e regi\u00f5es de Londrina!<\/p>\n\t<iframe loading=\"lazy\" src=\"https:\/\/www.google.com\/maps\/embed?pb=!1m18!1m12!1m3!1d9600.378776983522!2d-51.16457404128516!3d-23.31995800350516!2m3!1f0!2f0!3f0!3m2!1i1024!2i768!4f13.1!3m3!1m2!1s0x0%3A0x82862eccf73303ad!2sLavarie+Limpeza+de+Sofa+e+Estofados+Londrina!5e0!3m2!1spt-BR!2sbr!4v1551965586132\" width=\"600\" height=\"450\" frameborder=\"0\" allowfullscreen><\/iframe>\n","protected":false},"excerpt":{"rendered":"<p>A Lavarie &#8211; Servi\u00e7o de limpeza de sof\u00e1s em Londrina est\u00e1 convenientemente localizada na rua Alagoas, 878 Centro Londrina- PR 86020-430 Atendemos todos os bairros e regi\u00f5es de Londrina!<\/p>\n","protected":false},"author":1,"featured_media":0,"parent":0,"menu_order":0,"comment_status":"closed","ping_status":"closed","template":"","meta":{"_monsterinsights_skip_tracking":false,"_monsterinsights_sitenote_active":false,"_monsterinsights_sitenote_note":"","_monsterinsights_sitenote_category":0,"footnotes":""},"class_list":["post-50","page","type-page","status-publish","czr-hentry"],"_links":{"self":[{"href":"https:\/\/lavarie.com.br\/limpeza-de-sofa-em-londrina\/wp-json\/wp\/v2\/pages\/50","targetHints":{"allow":["GET"]}}],"collection":[{"href":"https:\/\/lavarie.com.br\/limpeza-de-sofa-em-londrina\/wp-json\/wp\/v2\/pages"}],"about":[{"href":"https:\/\/lavarie.com.br\/limpeza-de-sofa-em-londrina\/wp-json\/wp\/v2\/types\/page"}],"author":[{"embeddable":true,"href":"https:\/\/lavarie.com.br\/limpeza-de-sofa-em-londrina\/wp-json\/wp\/v2\/users\/1"}],"replies":[{"embeddable":true,"href":"https:\/\/lavarie.com.br\/limpeza-de-sofa-em-londrina\/wp-json\/wp\/v2\/comments?post=50"}],"version-history":[{"count":6,"href":"https:\/\/lavarie.com.br\/limpeza-de-sofa-em-londrina\/wp-json\/wp\/v2\/pages\/50\/revisions"}],"predecessor-version":[{"id":100,"href":"https:\/\/lavarie.com.br\/limpeza-de-sofa-em-londrina\/wp-json\/wp\/v2\/pages\/50\/revisions\/100"}],"wp:attachment":[{"href":"https:\/\/lavarie.com.br\/limpeza-de-sofa-em-londrina\/wp-json\/wp\/v2\/media?parent=50"}],"curies":[{"name":"wp","href":"https:\/\/api.w.org\/{rel}","templated":true}]}}