{"id":243,"date":"2020-03-08T13:17:38","date_gmt":"2020-03-08T13:17:38","guid":{"rendered":"https:\/\/lavarie.com.br\/limpeza-de-sofa-em-londrina\/?page_id=243"},"modified":"2020-03-08T17:39:40","modified_gmt":"2020-03-08T17:39:40","slug":"limpeza-tapete","status":"publish","type":"page","link":"https:\/\/lavarie.com.br\/limpeza-de-sofa-em-londrina\/limpeza-tapete\/","title":{"rendered":"Limpeza Tapete Londrina"},"content":{"rendered":"\n\t<h4>Servi\u00e7o Limpeza Tapete e Limpeza Carpete em Londrina e Regi\u00e3o!<\/h4>\n\t\t\t\t<img loading=\"lazy\" decoding=\"async\" src=\"https:\/\/lavarie.com.br\/wp-content\/uploads\/2019\/03\/IMG_20190218_090007718.jpg\" alt=\"limpeza tapete limpeza carpete carpete limpo tapete limpo limpeza tapete londrina limpeza carpete londrina lavar tapete londrina lavar carpete londrina\" itemprop=\"image\" height=\"3120\" width=\"4160\" title=\"IMG_20190218_090007718\" onerror=\"this.style.display='none'\"  \/>\n\t<h4>Para a limpeza tapete e limpeza carpete a Lavarie utiliza extratoras profissionais que injetam \u00e1gua junto com o produto sob o tapete realizando uma escova\u00e7\u00e3o (com a suc\u00e7\u00e3o de sujeira) deixando o seu tapete limpo, o seu carpete limpo e higienizado, livre de \u00e1caros, fungos e bact\u00e9rias!<\/h4>\n\t<h4>Uma pequena amostra de como realizamos a limpeza de tapete, limpeza de carpete em londrina!<\/h4>\n<p>&nbsp;<\/p>\n<h3>Veja esse v\u00eddeo e mais no nosso <a href=\"https:\/\/www.instagram.com\/lavarieestofados\/\">Instagram<\/a>!<\/h3>\n\t<meta itemprop=\"url\" content=\"https:\/\/lavarie.com.br\/wp-content\/uploads\/2020\/03\/video-limpeza-tapete-limpeza-carpete-carpete-limpo-tapete-limpo-limpeza-tapete-londrina-limpeza-carpete-londrina-lavar-tapete-londrina-lavar-carpete-londrina.mp4\" \/><meta itemprop=\"thumbnail\" content=\"\" \/><div style=\"width: 100px;\" class=\"wp-video\"><video class=\"wp-video-shortcode\" id=\"video-243-1\" width=\"100\" height=\"100\" preload=\"metadata\" controls=\"controls\"><source type=\"video\/mp4\" src=\"https:\/\/lavarie.com.br\/wp-content\/uploads\/2020\/03\/video-limpeza-tapete-limpeza-carpete-carpete-limpo-tapete-limpo-limpeza-tapete-londrina-limpeza-carpete-londrina-lavar-tapete-londrina-lavar-carpete-londrina.mp4?_=1\" \/><a href=\"https:\/\/lavarie.com.br\/wp-content\/uploads\/2020\/03\/video-limpeza-tapete-limpeza-carpete-carpete-limpo-tapete-limpo-limpeza-tapete-londrina-limpeza-carpete-londrina-lavar-tapete-londrina-lavar-carpete-londrina.mp4\">https:\/\/lavarie.com.br\/wp-content\/uploads\/2020\/03\/video-limpeza-tapete-limpeza-carpete-carpete-limpo-tapete-limpo-limpeza-tapete-londrina-limpeza-carpete-londrina-lavar-tapete-londrina-lavar-carpete-londrina.mp4<\/a><\/video><\/div>\n\t<h1>Vantagens<\/h1>\n<p>O tapete \u00e9 algo t\u00e3o comum em nossas casas que muitas vezes s\u00f3 lembramos que ele precisa de uma limpeza quando derrubamos um l\u00edquido sobre ele!<\/p>\n<p>Por\u00e9m, o um tapete limpo, um carpete limpo \u00e9 essencial para a sa\u00fade de todas as pessoas na sua casa!<\/p>\n<p>Ao realizar a limpeza al\u00e9m de restaur\u00e1-los a sua antiga gl\u00f3ria, voc\u00ea consegue eliminar de sua casa:<\/p>\n<ul>\n<li>Res\u00edduos animais (pelos de animais como gatos)<\/li>\n<li>Res\u00edduos de alimentos,<\/li>\n<li>Res\u00edduos corporais (como pele, pelos e cabelos)<\/li>\n<li>Odores<\/li>\n<li>Remo\u00e7\u00e3o de p\u00f3<\/li>\n<li>Remo\u00e7\u00e3o de alguns tipos de odores<\/li>\n<\/ul>\n<p>Uma limpeza de tapete e uma limpeza de carpete bem executada por um profissional \u00e9 muito importante para a manuten\u00e7\u00e3o de um ambiente limpo, bonito, saud\u00e1vel e sem agentes causadores de alergia!<\/p>\n<p><a href=\"https:\/\/www.terra.com.br\/noticias\/dino\/doencas-respiratorios-aumentam-no-outono-inverno-e-hora-de-limpar-sofas-cortinas-e-tapetes,f941dd50945b248dce278abec54b0ff56x8wofqk.html\">Veja essa mat\u00e9ria<\/a> de como Doen\u00e7as respirat\u00f3rias s\u00e3o aumentadas em muito quando seus tapetes e carpetes n\u00e3o est\u00e3o devidamente higienizados!<\/p>\n<p>&nbsp;<\/p>\n\t<h1>Qualidade Garantida<\/h1>\n<p>N\u00f3s garantimos uma limpeza de tapete com qualidade, n\u00e3o temos prazo para a conclus\u00e3o do servi\u00e7o, ficamos o tempo necess\u00e1rio para que o servi\u00e7o de limpeza de tapete e servi\u00e7o de limpeza de carpete fique impec\u00e1vel e restaurado da melhor maneira poss\u00edvel!<\/p>\n<p>Olhe nossos coment\u00e1rios para saber que nos esfor\u00e7amos para sempre entregar o servi\u00e7o com a melhor qualidade poss\u00edvel e para sempre deixar o cliente feliz!<\/p>\n<h4>Fa\u00e7a uma <a href=\"https:\/\/lavarie.com.br\/limpeza-de-sofa-em-londrina\/cotacoes\/\">cota\u00e7\u00e3o<\/a> Conosco!<\/h4>\n<h4>Saiba tamb\u00e9m dos <a href=\"https:\/\/lavarie.com.br\/limpeza-de-sofa-em-londrina\/beneficios-de-limpeza-de-sofa-e-de-estofados\/\">benef\u00edcios<\/a> de ter um sofa limpo por n\u00f3s!<\/h4>\n","protected":false},"excerpt":{"rendered":"<p>Servi\u00e7o Limpeza Tapete e Limpeza Carpete em Londrina e Regi\u00e3o! Para a limpeza tapete e limpeza carpete a Lavarie utiliza extratoras profissionais que injetam \u00e1gua junto com o produto sob o tapete realizando uma escova\u00e7\u00e3o (com a suc\u00e7\u00e3o de sujeira) deixando o seu tapete limpo, o seu carpete limpo e higienizado, livre de \u00e1caros, fungos [&hellip;]<\/p>\n","protected":false},"author":1,"featured_media":0,"parent":0,"menu_order":0,"comment_status":"closed","ping_status":"closed","template":"","meta":{"_monsterinsights_skip_tracking":false,"_monsterinsights_sitenote_active":false,"_monsterinsights_sitenote_note":"","_monsterinsights_sitenote_category":0,"footnotes":""},"class_list":["post-243","page","type-page","status-publish","czr-hentry"],"_links":{"self":[{"href":"https:\/\/lavarie.com.br\/limpeza-de-sofa-em-londrina\/wp-json\/wp\/v2\/pages\/243","targetHints":{"allow":["GET"]}}],"collection":[{"href":"https:\/\/lavarie.com.br\/limpeza-de-sofa-em-londrina\/wp-json\/wp\/v2\/pages"}],"about":[{"href":"https:\/\/lavarie.com.br\/limpeza-de-sofa-em-londrina\/wp-json\/wp\/v2\/types\/page"}],"author":[{"embeddable":true,"href":"https:\/\/lavarie.com.br\/limpeza-de-sofa-em-londrina\/wp-json\/wp\/v2\/users\/1"}],"replies":[{"embeddable":true,"href":"https:\/\/lavarie.com.br\/limpeza-de-sofa-em-londrina\/wp-json\/wp\/v2\/comments?post=243"}],"version-history":[{"count":13,"href":"https:\/\/lavarie.com.br\/limpeza-de-sofa-em-londrina\/wp-json\/wp\/v2\/pages\/243\/revisions"}],"predecessor-version":[{"id":266,"href":"https:\/\/lavarie.com.br\/limpeza-de-sofa-em-londrina\/wp-json\/wp\/v2\/pages\/243\/revisions\/266"}],"wp:attachment":[{"href":"https:\/\/lavarie.com.br\/limpeza-de-sofa-em-londrina\/wp-json\/wp\/v2\/media?parent=243"}],"curies":[{"name":"wp","href":"https:\/\/api.w.org\/{rel}","templated":true}]}}