{"id":2,"date":"2019-03-06T21:54:42","date_gmt":"2019-03-06T21:54:42","guid":{"rendered":"https:\/\/lavarie.com.br\/?page_id=2"},"modified":"2020-03-08T17:52:08","modified_gmt":"2020-03-08T17:52:08","slug":"limpeza-de-sofa-em-londrina","status":"publish","type":"page","link":"https:\/\/lavarie.com.br\/limpeza-de-sofa-em-londrina\/","title":{"rendered":"Limpeza de Sofa em Londrina"},"content":{"rendered":"\n<img decoding=\"async\" src=\"https:\/\/lavarie.com.br\/wp-content\/plugins\/beaver-builder-lite-version\/img\/pixel.png\" alt=\"\" itemprop=\"image\" onerror=\"this.style.display='none'\">\n\t\t\t\t<img loading=\"lazy\" decoding=\"async\" src=\"https:\/\/lavarie.com.br\/wp-content\/uploads\/2019\/03\/Limpeza-sof\u00e1-londrina-capa-branco-1024x768.jpg\" alt=\"Limpeza sof\u00e1 londrina capa branco\" itemprop=\"image\" height=\"768\" width=\"1024\" title=\"Limpeza sof\u00e1 londrina capa branco\" onerror=\"this.style.display='none'\">\n\t<p>Bem vindos a Lavarie &#8211; <em>Servi\u00e7o de Limpeza de Sofa e impermeabiliza\u00e7\u00e3o em Londrina<\/em>!<\/p>\n<p>N\u00f3s somos uma empresa especializada em <strong>limpeza de sofas, limpeza de tapetes, limpeza de colch\u00f5es, limpeza de bancos de carros<\/strong> e estofados em geral! Fazemos a impermeabiliza\u00e7\u00e3o do seu estofado tamb\u00e9m!<\/p>\n<p>Para garantir efici\u00eancia no atendimento, estamos localizados no centro de Londrina e atendemos a <strong>cidade inteira<\/strong>. Vamos at\u00e9 sua resid\u00eancia para seu conforto e lazer!<\/p>\n<p>Como sempre utilizamos tecnologia de ponta para limpeza de sofa e estofados, sempre garantimos a <strong>qualidade<\/strong> dos nossos servi\u00e7os!<\/p>\n<p>Assim sendo, somos especialistas em limpeza de sofa, limpeza de tapete e limpeza colch\u00f5es em <a href=\"https:\/\/lavarie.com.br\/limpeza-de-sofa-em-shoppings\/\">Shoppings Centers<\/a>, Condom\u00ednios de pr\u00e9dios e Condom\u00ednios Residenciais.<\/p>\n<p>A fim de atender melhor os nossos clientes, atendemos ao longo do dia todo! Atendemos de <strong>finais de semana<\/strong> e ap\u00f3s ou antes do hor\u00e1rio comercial para a sua comodidade!<\/p>\n<p>Diferente da maioria do mercado a Lavarie limpeza de sofa e impermeabiliza\u00e7\u00e3o de sofa n\u00e3o tem hor\u00e1rio de sair da sua casa, ficamos at\u00e9 o servi\u00e7o ser conclu\u00eddo com qualidade! Olhe nossos coment\u00e1rios para ter certeza de que entregamos o melhor servi\u00e7o que podemos fazer, todos os nossos clientes saem extremamente felizes com os nossos servi\u00e7os!<\/p>\n<p>Fa\u00e7a um <b>or\u00e7amento <\/b>conosco e n\u00e3o se arrepender\u00e1 do servi\u00e7o, desde o atendimento at\u00e9 a qualidade de entrega!<\/p>\n<p>Contate-nos via Whats App! <a href=\"https:\/\/api.whatsapp.com\/send?phone=5543996941627&amp;text=Ol\u00e1%20amigo!%20Gostaria%20de%20fazer%20uma%20cota\u00e7\u00e3o%20com%20voc\u00ea!\" target=\"_blank\" rel=\"noopener noreferrer\">(43) 99694 -1627<\/a><\/p>\n<p>Fazemos or\u00e7amentos por <strong>Whats App<\/strong> para a sua facilidade!<\/p>\n<p>Tenha o seu sofa limpo por n\u00f3s!<\/p>\n\t\t\t\t<img loading=\"lazy\" decoding=\"async\" src=\"https:\/\/lavarie.com.br\/wp-content\/uploads\/2019\/03\/limpeza-de-sofa-em-londrina-antes-e-depois.jpg\" alt=\"limpeza de sofa em londrina antes e depois\" itemprop=\"image\" height=\"450\" width=\"600\" title=\"limpeza de sofa em londrina antes e depois\" onerror=\"this.style.display='none'\">\n\t<p>Saiba dos <a href=\"https:\/\/lavarie.com.br\/limpeza-de-sofa-em-londrina\/beneficios-de-limpeza-de-sofa-e-de-estofados\">benef\u00edcios<\/a> de ter sempre um sofa limpo e higienizado e um sofa impermeabilizado para a sua sa\u00fade e para o bem estar de todos em seu lar!<\/p>\n<p>As d\u00favidas mais comuns em rela\u00e7\u00e3o a limpeza de sofa e impermeabiliza\u00e7\u00e3o de sofa s\u00e3o respondidas tamb\u00e9m nessa p\u00e1gina!<\/p>\n\t<h4>A Lavarie \u00e9 especialista em <strong><a href=\"https:\/\/lavarie.com.br\/limpeza-de-sofa-em-londrina\/limpeza-tapete\/\">limpeza de tapete<\/a>, limpeza de carpete em londrina<\/strong>! Trabalhamos exaustivamente at\u00e9 o seu tapete ou carpete ser limpo e ter sua antiga gl\u00f3ria restaurada! Al\u00e9m do carpete ficar limpo seu tapete ir\u00e1 prevenir doen\u00e7as e alergias!<\/h4>\n\t\t\t\t<img loading=\"lazy\" decoding=\"async\" src=\"https:\/\/lavarie.com.br\/wp-content\/uploads\/2019\/03\/IMG_20190218_090007718.jpg\" alt=\"limpeza tapete limpeza carpete carpete limpo tapete limpo limpeza tapete londrina limpeza carpete londrina lavar tapete londrina lavar carpete londrina\" itemprop=\"image\" height=\"3120\" width=\"4160\" title=\"IMG_20190218_090007718\" onerror=\"this.style.display='none'\">\n\t<h1>Onde Estamos<\/h1>\n<p>A Lavarie &#8211; Limpeza de Sofas e Estofados em Londrina est\u00e1 convenientemente localizada na rua Alagoas, 878 Centro Londrina- PR 86020-430<\/p>\n<p>Atendemos todos os bairros e regi\u00f5es de Londrina!<\/p>\n\t<iframe loading=\"lazy\" src=\"https:\/\/www.google.com\/maps\/embed?pb=!1m18!1m12!1m3!1d9600.378776983522!2d-51.16457404128516!3d-23.31995800350516!2m3!1f0!2f0!3f0!3m2!1i1024!2i768!4f13.1!3m3!1m2!1s0x0%3A0x82862eccf73303ad!2sLavarie+Limpeza+de+Sofa+e+Estofados+Londrina!5e0!3m2!1spt-BR!2sbr!4v1551965586132\" width=\"600\" height=\"450\" frameborder=\"0\" allowfullscreen=\"\"><\/iframe>\n\t<h1>Cota\u00e7\u00e3o<\/h1>\n<p>Fazemos sua cota\u00e7\u00e3o com muita agilidade e nos comprometemos com pre\u00e7os justos e servi\u00e7o de muita qualidade!<\/p>\n<p>Entre em contato conosco por What&#8217;s App e n\u00e3o se arrepender\u00e3o!<\/p>\n<p>Fazemos cota\u00e7\u00f5es via fotos para sua comodidade!<\/p>\n\t\t\t\t<a href=\"https:\/\/api.whatsapp.com\/send?phone=5543996941627&amp;text=Ol\u00e1%20amigo!%20Gostaria%20de%20fazer%20uma%20cota\u00e7\u00e3o%20com%20voc\u00ea!\" target=\"_self\" itemprop=\"url\" rel=\"noopener noreferrer\">\n\t\t\t\t<img loading=\"lazy\" decoding=\"async\" src=\"https:\/\/lavarie.com.br\/wp-content\/uploads\/2019\/03\/telefone-limpeza-de-sofa-em-londrina.jpg\" alt=\"telefone limpeza de sofa em londrina\" itemprop=\"image\" height=\"76\" width=\"406\" title=\"telefone limpeza de sofa em londrina\" onerror=\"this.style.display='none'\">\n\t\t\t\t<\/a>\n","protected":false},"excerpt":{"rendered":"<p>Bem vindos a Lavarie &#8211; Servi\u00e7o de Limpeza de Sofa e impermeabiliza\u00e7\u00e3o em Londrina! N\u00f3s somos uma empresa especializada em limpeza de sofas, limpeza de tapetes, limpeza de colch\u00f5es, limpeza de bancos de carros e estofados em geral! Fazemos a impermeabiliza\u00e7\u00e3o do seu estofado tamb\u00e9m! Para garantir efici\u00eancia no atendimento, estamos localizados no centro de [&hellip;]<\/p>\n","protected":false},"author":1,"featured_media":0,"parent":0,"menu_order":0,"comment_status":"closed","ping_status":"open","template":"","meta":{"_monsterinsights_skip_tracking":false,"_monsterinsights_sitenote_active":false,"_monsterinsights_sitenote_note":"","_monsterinsights_sitenote_category":0,"footnotes":""},"class_list":["post-2","page","type-page","status-publish","czr-hentry"],"_links":{"self":[{"href":"https:\/\/lavarie.com.br\/limpeza-de-sofa-em-londrina\/wp-json\/wp\/v2\/pages\/2","targetHints":{"allow":["GET"]}}],"collection":[{"href":"https:\/\/lavarie.com.br\/limpeza-de-sofa-em-londrina\/wp-json\/wp\/v2\/pages"}],"about":[{"href":"https:\/\/lavarie.com.br\/limpeza-de-sofa-em-londrina\/wp-json\/wp\/v2\/types\/page"}],"author":[{"embeddable":true,"href":"https:\/\/lavarie.com.br\/limpeza-de-sofa-em-londrina\/wp-json\/wp\/v2\/users\/1"}],"replies":[{"embeddable":true,"href":"https:\/\/lavarie.com.br\/limpeza-de-sofa-em-londrina\/wp-json\/wp\/v2\/comments?post=2"}],"version-history":[{"count":63,"href":"https:\/\/lavarie.com.br\/limpeza-de-sofa-em-londrina\/wp-json\/wp\/v2\/pages\/2\/revisions"}],"predecessor-version":[{"id":267,"href":"https:\/\/lavarie.com.br\/limpeza-de-sofa-em-londrina\/wp-json\/wp\/v2\/pages\/2\/revisions\/267"}],"wp:attachment":[{"href":"https:\/\/lavarie.com.br\/limpeza-de-sofa-em-londrina\/wp-json\/wp\/v2\/media?parent=2"}],"curies":[{"name":"wp","href":"https:\/\/api.w.org\/{rel}","templated":true}]}}