{"id":132,"date":"2019-03-08T18:03:30","date_gmt":"2019-03-08T18:03:30","guid":{"rendered":"https:\/\/lavarie.com.br\/?page_id=132"},"modified":"2020-03-08T14:09:10","modified_gmt":"2020-03-08T14:09:10","slug":"beneficios-de-limpeza-de-sofa-e-de-estofados","status":"publish","type":"page","link":"https:\/\/lavarie.com.br\/limpeza-de-sofa-em-londrina\/beneficios-de-limpeza-de-sofa-e-de-estofados\/","title":{"rendered":"Benef\u00edcios de Limpeza de Sof\u00e1 e de Estofados"},"content":{"rendered":"\n<img loading=\"lazy\" decoding=\"async\" src=\"https:\/\/lavarie.com.br\/wp-content\/uploads\/2019\/03\/limpeza-de-sofa-em-londrina-antes-e-depois.jpg\" alt=\"limpeza de sofa em londrina antes e depois\" itemprop=\"image\" height=\"450\" width=\"600\" title=\"limpeza de sofa em londrina antes e depois\" onerror=\"this.style.display='none'\">\n\t<p>Limpeza de sof\u00e1 \u00e9 um assunto s\u00e9rio!<\/p>\n<p>Muitos dos nossos clientes (<strong>e talvez voc\u00ea<\/strong>) tem as seguintes perguntas:<\/p>\n<ul>\n<li>Quais os benef\u00edcios de ter o sof\u00e1 limpo?<\/li>\n<li>Com qual frequ\u00eancia deve-se limpar sof\u00e1s?<\/li>\n<li>Como \u00e9 feito a limpeza de sof\u00e1s?<\/li>\n<li>Como fa\u00e7o para limpar sof\u00e1s?<\/li>\n<li>O que \u00e9 impermeabiliza\u00e7\u00e3o de sof\u00e1s?<\/li>\n<\/ul>\n<p>Para responder a essas perguntas mais comuns, n\u00f3s fizemos uma p\u00e1gina com algumas respostas resumidas e com links para mat\u00e9rias e sites que possam te interessar!<\/p>\n<h2><strong>1. Quais os benef\u00edcios de ter o sof\u00e1 limpo?<\/strong><\/h2>\n<p>Quando o sof\u00e1 \u00e9 limpo por um profissional temos diversos benef\u00edcios que adv\u00e9m desse servi\u00e7o.<\/p>\n<p>O <strong>primeiro benef\u00edcio<\/strong> que vem a mente \u00e9 quest\u00e3o est\u00e9tica. Com certeza o seu sof\u00e1 fica mais bonito sempre que seu sof\u00e1 for limpo, ainda mais se o servi\u00e7o for feito por um profissional!<\/p>\n<p>Mas os benef\u00edcios n\u00e3o param por a\u00ed, um sof\u00e1 limpo garante uma maior <strong>qualidade de vida<\/strong> para voc\u00ea e sua fam\u00edlia porque a <strong>higieniza\u00e7\u00e3o de sof\u00e1s<\/strong> garante a elimina\u00e7\u00e3o de \u00e1caros e poeiras, que trazem muitas alergias, melhorando a <strong>sa\u00fade<\/strong> de seu lar!<\/p>\n<p>Temos ainda como benef\u00edcios a durabilidade! Quanto mais bem cuidado for seu sof\u00e1, <strong>mais tempo ele durar\u00e1<\/strong>! Um sof\u00e1 bem cuidados pode durar anos ou d\u00e9cadas!<\/p>\n<p><a href=\"http:\/\/g1.globo.com\/sao-paulo\/sao-jose-do-rio-preto-aracatuba\/mercado-imobiliario-do-interior\/noticia\/2016\/12\/manter-o-sofa-limpo-e-essencial-para-evitar-problemas-de-saude.html\">Nessa mat\u00e9ria<\/a> do G1 voc\u00ea pode ver alguns dos benef\u00edcios de ter seu sof\u00e1 limpo!<\/p>\n<p>Verifique tamb\u00e9m <a href=\"https:\/\/www.meuportoseguro.com.br\/minha-casa\/dicas-para-casa\/5-motivos-para-fazer-limpeza-dos-estofados-com-frequencia\/\">essa mat\u00e9ria<\/a> do Porto Seguro!<\/p>\n<h2><strong>2. Com qual frequ\u00eancia deve-se limpar sof\u00e1s?<\/strong><\/h2>\n<p>Um sof\u00e1 deve ser limpo a cada <strong>seis meses<\/strong> ou a <strong>cada ano<\/strong> no m\u00e1ximo, por\u00e9m esse n\u00famero pode ser maior dependendo de onde o sof\u00e1 est\u00e1 localizado, quem o utiliza e para <strong>qual finalidade<\/strong>!<\/p>\n<p>Por exemplo, sof\u00e1s em cl\u00ednicas m\u00e9dicas devem ser limpos todas as semanas para <strong>evitar alergias e contamina\u00e7\u00f5es<\/strong>.<\/p>\n<p>Da mesma forma, sof\u00e1s e acolchoados de <strong>poltronas de col\u00e9gios<\/strong>, teatros, cinemas devem ser limpos <strong>todas as semanas<\/strong>, devido a grande quantidade de pessoas diferentes que os utilizam!<\/p>\n<p>Se pessoas idosas ou crian\u00e7as utilizam os sof\u00e1s, esses devem ser limpos com uma frequ\u00eancia maior, porque crian\u00e7as e idosos s\u00e3o <strong>mais suscet\u00edveis a doen\u00e7as e alergias<\/strong>!<\/p>\n<p>Al\u00e9m do aspecto de sa\u00fade, sof\u00e1s expostos ao p\u00fablico, como sof\u00e1s de shoppings e exposi\u00e7\u00f5es devem ser limpos constantemente para sempre terem uma <strong>apar\u00eancia agrad\u00e1vel<\/strong>!<\/p>\n<h2><strong>3. Como \u00e9 feito a limpeza de sof\u00e1s?<\/strong><\/h2>\n<p>A limpeza de sof\u00e1s e estofados \u00e9 um processo que visa limpar mais do que manchas e sujeiras aparentes. Muitas vezes um sof\u00e1 aparentemente limpo esconde muita sujeira e muitas doen\u00e7as.<\/p>\n<p>Para garantir que um sof\u00e1 seja realmente limpo \u00e9 necess\u00e1rio portanto uma limpeza profunda! Sem mais delongas, vamos direto ao ponto e vamos mostrar como limpar um sof\u00e1!<\/p>\n<p>Os sof\u00e1s dependendo do seu tipo podem ser limpos por diferentes processos. Basta verificar a etiqueta do sof\u00e1 para saber como ele deve ser limpo. A limpeza de sof\u00e1 pode ser do seguintes tipos:<\/p>\n<ul>\n<li>Etiqueta O: Tecido pode ser lavado com \u00e1gua<\/li>\n<li>Etiqueta W: Apenas pano \u00famido<\/li>\n<li>Etiqueta P: Lavagem a Seco<\/li>\n<li>Etiqueta F: Material sens\u00edvel e recomendado servi\u00e7o profissional<\/li>\n<\/ul>\n<p>O site <a href=\"https:\/\/www.vivadecora.com.br\/revista\/como-limpar-sofa\/\">vivadecora<\/a> tem uma excelente mat\u00e9ria de como limpar seu sof\u00e1!<\/p>\n<p>Todos os m\u00e9todos caseiros de limpeza de sof\u00e1 n\u00e3o garantem uma limpeza profunda e n\u00e3o eliminam os germes e as bact\u00e9rias que um servi\u00e7o profissional realiza. Por\u00e9m se o seu objetivo for somente a est\u00e9tica algum desses m\u00e9todos podem quebrar um galho na hora de limpar o sof\u00e1!<\/p>\n<p>&nbsp;<\/p>\n<p>Profissionalmente os sof\u00e1s de tecido (suede \u00e9 o mais comum) passam pelo seguinte processo de limpeza:<\/p>\n<ul>\n<li>Escova\u00e7\u00e3o do sof\u00e1 para retirar as sujeiras nos locais de dif\u00edcil acesso, onde normalmente caem os restos de comidas e as crian\u00e7as gostam de esconder sujeira!<\/li>\n<li>Escova\u00e7\u00e3o nas juntas dos sof\u00e1s<\/li>\n<li>Aspira\u00e7\u00e3o do sof\u00e1 com uma m\u00e1quina potente para remo\u00e7\u00e3o de sujeiras<\/li>\n<li>Aplica\u00e7\u00e3o de produto (cada tipo de sof\u00e1 tem um produto espec\u00edfico para realizar essa limpeza)<\/li>\n<li>Deixar o produto agir no tecido do sof\u00e1 (em torno de 10 min)<\/li>\n<li>Escovar o sof\u00e1 ap\u00f3s a aplica\u00e7\u00e3o do produto<\/li>\n<li>Extra\u00e7\u00e3o do produto que vir\u00e1 carregando a sujeira do seu sof\u00e1!<\/li>\n<li>Se necess\u00e1rio repetir o processo de aplica\u00e7\u00e3o, escova\u00e7\u00e3o e extra\u00e7\u00e3o!<\/li>\n<\/ul>\n<p>&nbsp;<\/p>\n<h2><strong>4. O que \u00e9 Impermeabiliza\u00e7\u00e3o de Sof\u00e1s?<\/strong><\/h2>\n<p>Impermeabiliza\u00e7\u00e3o de Sof\u00e1s \u00e9 o processo no qual \u00e9 criada uma pel\u00edcula protetora no sof\u00e1!<\/p>\n<p>Com a impermeabiliza\u00e7\u00e3o de sof\u00e1, essa pel\u00edcula protetora impede \u00e1gua e demais l\u00edquidos de serem absorvidos pelo sof\u00e1 ou estofado.<\/p>\n<p>Assim sendo, sof\u00e1s impermeabilizados ganham uma prote\u00e7\u00e3o adicional contra manchas, deforma\u00e7\u00f5es na cor, prolifera\u00e7\u00e3o de fungos e \u00e1caros e danos contra o tecido.<\/p>\n<p>E ainda impede que poeira e sujeira acumule nas fibras do sof\u00e1.<\/p>\n<p>Um sof\u00e1 impermeabilizado se torna muito mais f\u00e1cil de ser limpo, podendo ser limpo com uma toalha, pano \u00famido ou papel toalha!<\/p>\n<p>Qualquer tecido que n\u00e3o seja o couro pode ser impermeabilizado!<\/p>\n<p>&nbsp;<\/p>\n<p>Espero que tenham gostado e que essa pequena mat\u00e9ria os possa ter ajudado! Conte sempre com a <a href=\"https:\/\/lavarie.com.br\/limpeza-de-sofa-em-londrina\/\">Lavarie<\/a> para ter seu sof\u00e1 e Estofado limpinho e pronto para receber visitas!<\/p>\n","protected":false},"excerpt":{"rendered":"<p>Limpeza de sof\u00e1 \u00e9 um assunto s\u00e9rio! Muitos dos nossos clientes (e talvez voc\u00ea) tem as seguintes perguntas: Quais os benef\u00edcios de ter o sof\u00e1 limpo? Com qual frequ\u00eancia deve-se limpar sof\u00e1s? Como \u00e9 feito a limpeza de sof\u00e1s? Como fa\u00e7o para limpar sof\u00e1s? O que \u00e9 impermeabiliza\u00e7\u00e3o de sof\u00e1s? Para responder a essas perguntas [&hellip;]<\/p>\n","protected":false},"author":1,"featured_media":0,"parent":0,"menu_order":0,"comment_status":"closed","ping_status":"closed","template":"","meta":{"_monsterinsights_skip_tracking":false,"_monsterinsights_sitenote_active":false,"_monsterinsights_sitenote_note":"","_monsterinsights_sitenote_category":0,"footnotes":""},"class_list":["post-132","page","type-page","status-publish","czr-hentry"],"_links":{"self":[{"href":"https:\/\/lavarie.com.br\/limpeza-de-sofa-em-londrina\/wp-json\/wp\/v2\/pages\/132","targetHints":{"allow":["GET"]}}],"collection":[{"href":"https:\/\/lavarie.com.br\/limpeza-de-sofa-em-londrina\/wp-json\/wp\/v2\/pages"}],"about":[{"href":"https:\/\/lavarie.com.br\/limpeza-de-sofa-em-londrina\/wp-json\/wp\/v2\/types\/page"}],"author":[{"embeddable":true,"href":"https:\/\/lavarie.com.br\/limpeza-de-sofa-em-londrina\/wp-json\/wp\/v2\/users\/1"}],"replies":[{"embeddable":true,"href":"https:\/\/lavarie.com.br\/limpeza-de-sofa-em-londrina\/wp-json\/wp\/v2\/comments?post=132"}],"version-history":[{"count":19,"href":"https:\/\/lavarie.com.br\/limpeza-de-sofa-em-londrina\/wp-json\/wp\/v2\/pages\/132\/revisions"}],"predecessor-version":[{"id":252,"href":"https:\/\/lavarie.com.br\/limpeza-de-sofa-em-londrina\/wp-json\/wp\/v2\/pages\/132\/revisions\/252"}],"wp:attachment":[{"href":"https:\/\/lavarie.com.br\/limpeza-de-sofa-em-londrina\/wp-json\/wp\/v2\/media?parent=132"}],"curies":[{"name":"wp","href":"https:\/\/api.w.org\/{rel}","templated":true}]}}